{"id":593,"date":"2024-06-05T07:27:43","date_gmt":"2024-06-05T07:27:43","guid":{"rendered":"https:\/\/fmi.ca\/?page_id=593"},"modified":"2025-06-03T16:47:27","modified_gmt":"2025-06-03T16:47:27","slug":"a-propos","status":"publish","type":"page","link":"https:\/\/fmi.ca\/fr\/a-propos\/","title":{"rendered":"\u00c0 propos"},"content":{"rendered":"\n<section class=\"section-heading-and-content\" id=\"\">\n\t<div class=\"shell\">\n\t\t\t\n\n<div class=\"section__head\">\n\t\t\n\n<p>\u00c0 Propos<\/p>\n\n\n\n<h1 class=\"wp-block-heading\">L<strong>\u2019<\/strong>histoire de l<strong>\u2019<\/strong>IGF<\/h1>\n\n\n\t<\/div><!-- \/.section__head -->\n\n\n\n<div class=\"section__content\">\n\t\t\n\n<h2 class=\"wp-block-heading\"><strong><strong>Organisme national \u00e0 but non lucratif dont l\u2019objectif est d\u2019offrir aux gestionnaires financiers du secteur public des occasions qui les aident \u00e0 relever des d\u00e9fis, les incitent \u00e0 r\u00e9fl\u00e9chir, les inspirent et leur permettent de faire progresser leur carri\u00e8re.<\/strong><\/strong>&nbsp;<\/h2>\n\n\n\n<p>L\u2019<strong>Institut de la gestion financi\u00e8re (IGF)<\/strong> est un organisme \u00e0 but non lucratif reconnu et respect\u00e9 \u00e0 l\u2019\u00e9chelle nationale. Depuis plus de 60 ans, nous offrons des activit\u00e9s de perfectionnement professionnel et de r\u00e9seautage de la plus haute qualit\u00e9 aux sp\u00e9cialistes de la gestion financi\u00e8re du secteur public de tous les paliers de gouvernement. Nos \u00e9v\u00e9nements nationaux et r\u00e9gionaux sont ax\u00e9s sur les grandes tendances, l\u2019innovation, le leadership et les pratiques exemplaires adopt\u00e9es dans le secteur public \u00e0 travers le monde.&nbsp;<\/p>\n\n\n\n<p>Tout au long de l\u2019ann\u00e9e, l\u2019IGF organise une s\u00e9rie d\u2019\u00e9v\u00e9nements annuels de perfectionnement professionnel, tant \u00e0 l\u2019\u00e9chelle nationale qu\u2019\u00e0 l\u2019\u00e9chelle r\u00e9gionale. Des sp\u00e9cialistes de renom de tout le Canada et du monde entier participent r\u00e9guli\u00e8rement \u00e0 ces \u00e9v\u00e9nements. Un grand nombre de ces \u00e9v\u00e9nements sont reconnus comme des \u00e9v\u00e9nements de DPC et offrent la possibilit\u00e9 d\u2019obtenir des cr\u00e9dits pour les certificats de DPC.<\/p>\n\n\n\n<div style=\"height:30px\" aria-hidden=\"true\" class=\"wp-block-spacer\"><\/div>\n\n\n\t<\/div><!-- \/.section__content -->\n\n\n\n<div class=\"section__content\">\n\t\t\n\n<h3 class=\"wp-block-heading\"><strong>Semaine de PP<\/strong><\/h3>\n\n\n\n<h2 class=\"wp-block-heading\"><strong>Notre programme phare<\/strong><\/h2>\n\n\n\n<p>La Semaine de PP est l\u2019\u00e9v\u00e9nement le plus important et offert depuis le plus longtemps par l\u2019IGF dans les domaines du perfectionnement professionnel et du r\u00e9seautage pour les sp\u00e9cialistes de la gestion financi\u00e8re. Depuis sa cr\u00e9ation en 1962, l\u2019IGF a fait de la Semaine de PP l\u2019\u00e9v\u00e9nement le plus attendu, le plus important et qui se d\u00e9roule depuis le plus longtemps dans son genre au Canada. La Semaine de PP attire r\u00e9guli\u00e8rement des milliers de sp\u00e9cialistes de la gestion financi\u00e8re \u00e0 tous les stades de leur carri\u00e8re, de tous les paliers de gouvernement et des quatre coins du Canada.<\/p>\n\n\n\n<div class=\"wp-block-button\"><a class=\"wp-block-button__link wp-element-button\" href=\"https:\/\/pdweek.ca\" target=\"_blank\" rel=\"noreferrer noopener\"><strong>En savoir plus sur la Semaine de PP<\/strong><\/a><\/div>\n\n\n\n<div style=\"height:50px\" aria-hidden=\"true\" class=\"wp-block-spacer\"><\/div>\n\n\n\t<\/div><!-- \/.section__content -->\n\n\n\n<div class=\"section__content\">\n\t\t\n\n<h3 class=\"wp-block-heading\"><strong>Sections de l\u2019IGF<\/strong><\/h3>\n\n\n\n<h2 class=\"wp-block-heading\"><strong>Des \u00e9v\u00e9nements \u00e0 ne pas rater dans votre ville ou province<\/strong>&nbsp;<\/h2>\n\n\n\n<p>\u00c0 travers le Canada, 14 sections r\u00e9gionales compl\u00e8tent la mission de l\u2019Institut de la gestion financi\u00e8re, qui est de mettre au d\u00e9fi, d\u2019inspirer et d\u2019\u00e9duquer.<em> <\/em>Les sections sont un moyen important pour les sp\u00e9cialistes de la gestion financi\u00e8re du secteur public d\u2019acc\u00e9der \u00e0 des activit\u00e9s de perfectionnement professionnel et de r\u00e9seautage \u00e0 l\u2019\u00e9chelle locale et provinciale, et ce, tout au long de l\u2019ann\u00e9e. Trouvez la section la plus pr\u00e8s de chez vous et d\u00e9couvrez comment vous pouvez b\u00e9n\u00e9ficier davantage des services de l\u2019IGF.<\/p>\n\n\n\n<div class=\"wp-block-columns is-layout-flex wp-container-core-columns-is-layout-9d6595d7 wp-block-columns-is-layout-flex\">\n<div class=\"wp-block-column is-layout-flow wp-block-column-is-layout-flow\">\n<h4 class=\"wp-block-heading\">R\u00c9GION OUEST<\/h4>\n\n\n\n<ul class=\"wp-block-list\">\n<li><a href=\"https:\/\/fmi.ca\/fr\/chapter\/victoria\/\">Victori<\/a><a href=\"https:\/\/fmi.ca\/fr\/chapter\/victoria\/\" target=\"_blank\" rel=\"noreferrer noopener\">a<\/a><\/li>\n\n\n\n<li><a href=\"https:\/\/fmi.ca\/fr\/chapter\/vancouver\/\">Vancou<\/a><a href=\"https:\/\/fmi.ca\/fr\/chapter\/vancouver\/\" target=\"_blank\" rel=\"noreferrer noopener\">ver<\/a><\/li>\n\n\n\n<li><a href=\"https:\/\/fmi.ca\/fr\/chapter\/edmonton\/\" target=\"_blank\" rel=\"noreferrer noopener\">Edmonton<\/a><\/li>\n\n\n\n<li><a href=\"https:\/\/fmi.ca\/fr\/chapter\/saskatchewan\/\" target=\"_blank\" rel=\"noreferrer noopener\">Saskatchewan<\/a><\/li>\n\n\n\n<li><a href=\"https:\/\/fmi.ca\/fr\/chapter\/manitoba\/\" target=\"_blank\" rel=\"noreferrer noopener\">Manitoba<\/a><\/li>\n<\/ul>\n<\/div>\n\n\n\n<div class=\"wp-block-column is-layout-flow wp-block-column-is-layout-flow\">\n<h4 class=\"wp-block-heading\">R\u00c9GION CENTRALE<\/h4>\n\n\n\n<ul class=\"wp-block-list\">\n<li><a href=\"https:\/\/fmi.ca\/fr\/chapter\/ontario\/\" target=\"_blank\" rel=\"noreferrer noopener\">Ontario<\/a><\/li>\n\n\n\n<li><a href=\"https:\/\/fmi.ca\/fr\/chapter\/ottawa-outaouais\/\" target=\"_blank\" rel=\"noreferrer noopener\">Ottawa-Outaouais<\/a><\/li>\n\n\n\n<li><a href=\"https:\/\/fmi.ca\/fr\/chapter\/montreal\/\" target=\"_blank\" rel=\"noreferrer noopener\">Montr\u00e9al<\/a><\/li>\n\n\n\n<li><a href=\"https:\/\/fmi.ca\/fr\/chapter\/quebec\/\" target=\"_blank\" rel=\"noreferrer noopener\">Qu\u00e9bec<\/a><\/li>\n<\/ul>\n<\/div>\n\n\n\n<div class=\"wp-block-column is-layout-flow wp-block-column-is-layout-flow\">\n<h4 class=\"wp-block-heading\">R\u00c9GION EST<\/h4>\n\n\n\n<ul class=\"wp-block-list\">\n<li><a href=\"https:\/\/fmi.ca\/fr\/chapter\/fredericton\/\" target=\"_blank\" rel=\"noreferrer noopener\">Fredericton<\/a><\/li>\n\n\n\n<li><a href=\"https:\/\/fmi.ca\/fr\/chapter\/south-east-new-brunswick\/\" target=\"_blank\" rel=\"noreferrer noopener\">Sud-est \u2028du Nouveau-Brunswick<\/a><\/li>\n\n\n\n<li><a href=\"https:\/\/fmi.ca\/fr\/chapter\/nova-scotia\/\" target=\"_blank\" rel=\"noreferrer noopener\">Nouvelle \u00c9cosse<\/a><\/li>\n\n\n\n<li><a href=\"https:\/\/fmi.ca\/fr\/chapter\/prince-edward-island\/\" target=\"_blank\" rel=\"noreferrer noopener\">\u00cele-du-Prince-\u00c9douard<\/a><\/li>\n\n\n\n<li><a href=\"https:\/\/fmi.ca\/fr\/chapter\/st-johns\/\" target=\"_blank\" rel=\"noreferrer noopener\">St. John\u2019s<\/a><\/li>\n<\/ul>\n<\/div>\n<\/div>\n\n\n\t<\/div><!-- \/.section__content -->\n\n\n\t\t<\/div><!-- \/.shell -->\n<\/section><!-- \/.section-heading-and-content -->\n\n\n\n<section class=\"section-callout-merge\">\n\t<div class=\"shell\">\n\t\t<div class=\"section__inner\">\n\t\t\t\t\n\n<div class=\"wp-block-columns is-layout-flex wp-container-core-columns-is-layout-9d6595d7 wp-block-columns-is-layout-flex\">\n<div class=\"wp-block-column is-layout-flow wp-block-column-is-layout-flow\">\n<h3 class=\"wp-block-heading\">Rapports<\/h3>\n<\/div>\n\n\n\n<div class=\"wp-block-column is-layout-flow wp-block-column-is-layout-flow\">\n<p>Aimeriez-vous en savoir plus sur le fmi*igf\u2009? Envoyez-nous un courriel \u00e0&nbsp;<a href=\"mailto:national@fmi.ca\">national@fmi.ca<\/a>&nbsp;pour acc\u00e9der aux informations suivantes&nbsp;:<\/p>\n\n\n\n<ul class=\"wp-block-list\">\n<li>Rapports annuels<\/li>\n\n\n\n<li>Rapports financiers<\/li>\n\n\n\n<li>Politiques<\/li>\n\n\n\n<li>R\u00e8glements<\/li>\n<\/ul>\n<\/div>\n<\/div>\n\n\n\t\t\t<\/div><!-- \/.section__inner -->\n\t<\/div><!-- \/.shell -->\n<\/section><!-- \/.section-callout-merge -->\n\n\n\n<section class=\"section-offer section-offer--nobg\">\n\t\n\t<div class=\"shell shell--wide\">\n\t\t<div class=\"section__inner\">\n\t\t\t\t\n\n<h2 class=\"wp-block-heading\"><strong>Adh\u00e9sion<\/strong><\/h2>\n\n\n\n<h3 class=\"wp-block-heading\">Bonne nouvelle : l\u2019adh\u00e9sion est totalement gratuite !<\/h3>\n\n\n\n<div class=\"wp-block-columns is-layout-flex wp-container-core-columns-is-layout-9d6595d7 wp-block-columns-is-layout-flex\">\n<div class=\"wp-block-column is-layout-flow wp-block-column-is-layout-flow\">\n<p>Au service des futurs leaders du secteur public, l\u2019adh\u00e9sion de l\u2019fmi | igf comprend un acc\u00e8s \u00e0 un programme d\u2019\u00e9ducation de classe mondiale lors de la Semaine de PP, les \u00e9v\u00e9nements des sections r\u00e9gionales, des cours en ligne, des ateliers et des webinaires, le tout ax\u00e9 sur les meilleures pratiques et tendances \u00e9mergentes et actuelles, et sur les comp\u00e9tences n\u00e9cessaires pour r\u00e9ussir aujourd\u2019hui et demain.<\/p>\n<\/div>\n\n\n\n<div class=\"wp-block-column is-layout-flow wp-block-column-is-layout-flow\">\n<p>L\u2019fmi | igf est une association canadienne reconnue qui s\u2019engage \u00e0 offrir \u00e0 la communaut\u00e9 de la gestion financi\u00e8re du secteur public des produits d\u2019apprentissage de haute qualit\u00e9 et des opportunit\u00e9s de r\u00e9seautage. D\u00e9couvrez nos formations de premier plan qui se concentrent sur les comp\u00e9tences de base, le savoir-\u00eatre et les sujets d\u2019actualit\u00e9 du secteur public par le biais de notre gamme de produits dynamiques.<\/p>\n<\/div>\n<\/div>\n\n\n\n<div class=\"wp-block-buttons is-layout-flex wp-block-buttons-is-layout-flex\">\n<div class=\"wp-block-button\"><a class=\"wp-block-button__link wp-element-button\" href=\"https:\/\/crm.fmi.ca\/mpower\/membership\/app-signin#\" target=\"_blank\" rel=\"noreferrer noopener\">Inscrivez-vous maintenant <img decoding=\"async\" class=\"wp-image-66\" style=\"width: NaNpx;\" src=\"https:\/\/fmi.ca\/wp-content\/uploads\/2024\/06\/ico-arrow-right-white.svg\" alt=\"\"><\/a><\/div>\n<\/div>\n\n\n\t\t\t<\/div><!-- \/.section__inner -->\n\t<\/div><!-- \/.shell -->\n<\/section><!-- \/.section-offer -->\n","protected":false},"excerpt":{"rendered":"","protected":false},"author":1,"featured_media":0,"parent":0,"menu_order":0,"comment_status":"closed","ping_status":"closed","template":"","meta":{"_acf_changed":false,"footnotes":""},"class_list":["post-593","page","type-page","status-publish","hentry"],"acf":[],"yoast_head":"<!-- This site is optimized with the Yoast SEO plugin v26.7 - https:\/\/yoast.com\/wordpress\/plugins\/seo\/ -->\n<title>\u00c0 propos - IGF<\/title>\n<meta name=\"robots\" content=\"index, follow, max-snippet:-1, max-image-preview:large, max-video-preview:-1\" \/>\n<link rel=\"canonical\" href=\"https:\/\/fmi.ca\/fr\/a-propos\/\" \/>\n<meta property=\"og:locale\" content=\"fr_FR\" \/>\n<meta property=\"og:type\" content=\"article\" \/>\n<meta property=\"og:title\" content=\"\u00c0 propos - IGF\" \/>\n<meta property=\"og:url\" content=\"https:\/\/fmi.ca\/fr\/a-propos\/\" \/>\n<meta property=\"og:site_name\" content=\"IGF\" \/>\n<meta property=\"article:modified_time\" content=\"2025-06-03T16:47:27+00:00\" \/>\n<meta name=\"twitter:card\" content=\"summary_large_image\" \/>\n<meta name=\"twitter:label1\" content=\"Dur\u00e9e de lecture estim\u00e9e\" \/>\n\t<meta name=\"twitter:data1\" content=\"3 minutes\" \/>\n<script type=\"application\/ld+json\" class=\"yoast-schema-graph\">{\"@context\":\"https:\/\/schema.org\",\"@graph\":[{\"@type\":\"WebPage\",\"@id\":\"https:\/\/fmi.ca\/fr\/a-propos\/\",\"url\":\"https:\/\/fmi.ca\/fr\/a-propos\/\",\"name\":\"\u00c0 propos - IGF\",\"isPartOf\":{\"@id\":\"https:\/\/fmi.ca\/#website\"},\"primaryImageOfPage\":{\"@id\":\"https:\/\/fmi.ca\/fr\/a-propos\/#primaryimage\"},\"image\":{\"@id\":\"https:\/\/fmi.ca\/fr\/a-propos\/#primaryimage\"},\"thumbnailUrl\":\"https:\/\/fmi.ca\/wp-content\/uploads\/2024\/06\/ico-arrow-right-white.svg\",\"datePublished\":\"2024-06-05T07:27:43+00:00\",\"dateModified\":\"2025-06-03T16:47:27+00:00\",\"breadcrumb\":{\"@id\":\"https:\/\/fmi.ca\/fr\/a-propos\/#breadcrumb\"},\"inLanguage\":\"fr-FR\",\"potentialAction\":[{\"@type\":\"ReadAction\",\"target\":[\"https:\/\/fmi.ca\/fr\/a-propos\/\"]}]},{\"@type\":\"ImageObject\",\"inLanguage\":\"fr-FR\",\"@id\":\"https:\/\/fmi.ca\/fr\/a-propos\/#primaryimage\",\"url\":\"https:\/\/fmi.ca\/wp-content\/uploads\/2024\/06\/ico-arrow-right-white.svg\",\"contentUrl\":\"https:\/\/fmi.ca\/wp-content\/uploads\/2024\/06\/ico-arrow-right-white.svg\"},{\"@type\":\"BreadcrumbList\",\"@id\":\"https:\/\/fmi.ca\/fr\/a-propos\/#breadcrumb\",\"itemListElement\":[{\"@type\":\"ListItem\",\"position\":1,\"name\":\"Home\",\"item\":\"https:\/\/fmi.ca\/fr\/\"},{\"@type\":\"ListItem\",\"position\":2,\"name\":\"\u00c0 propos\"}]},{\"@type\":\"WebSite\",\"@id\":\"https:\/\/fmi.ca\/#website\",\"url\":\"https:\/\/fmi.ca\/\",\"name\":\"IGF\",\"description\":\"Formation | Secteur public | Perfectionnement professionnel\",\"potentialAction\":[{\"@type\":\"SearchAction\",\"target\":{\"@type\":\"EntryPoint\",\"urlTemplate\":\"https:\/\/fmi.ca\/?s={search_term_string}\"},\"query-input\":{\"@type\":\"PropertyValueSpecification\",\"valueRequired\":true,\"valueName\":\"search_term_string\"}}],\"inLanguage\":\"fr-FR\"}]}<\/script>\n<!-- \/ Yoast SEO plugin. -->","yoast_head_json":{"title":"\u00c0 propos - IGF","robots":{"index":"index","follow":"follow","max-snippet":"max-snippet:-1","max-image-preview":"max-image-preview:large","max-video-preview":"max-video-preview:-1"},"canonical":"https:\/\/fmi.ca\/fr\/a-propos\/","og_locale":"fr_FR","og_type":"article","og_title":"\u00c0 propos - IGF","og_url":"https:\/\/fmi.ca\/fr\/a-propos\/","og_site_name":"IGF","article_modified_time":"2025-06-03T16:47:27+00:00","twitter_card":"summary_large_image","twitter_misc":{"Dur\u00e9e de lecture estim\u00e9e":"3 minutes"},"schema":{"@context":"https:\/\/schema.org","@graph":[{"@type":"WebPage","@id":"https:\/\/fmi.ca\/fr\/a-propos\/","url":"https:\/\/fmi.ca\/fr\/a-propos\/","name":"\u00c0 propos - IGF","isPartOf":{"@id":"https:\/\/fmi.ca\/#website"},"primaryImageOfPage":{"@id":"https:\/\/fmi.ca\/fr\/a-propos\/#primaryimage"},"image":{"@id":"https:\/\/fmi.ca\/fr\/a-propos\/#primaryimage"},"thumbnailUrl":"https:\/\/fmi.ca\/wp-content\/uploads\/2024\/06\/ico-arrow-right-white.svg","datePublished":"2024-06-05T07:27:43+00:00","dateModified":"2025-06-03T16:47:27+00:00","breadcrumb":{"@id":"https:\/\/fmi.ca\/fr\/a-propos\/#breadcrumb"},"inLanguage":"fr-FR","potentialAction":[{"@type":"ReadAction","target":["https:\/\/fmi.ca\/fr\/a-propos\/"]}]},{"@type":"ImageObject","inLanguage":"fr-FR","@id":"https:\/\/fmi.ca\/fr\/a-propos\/#primaryimage","url":"https:\/\/fmi.ca\/wp-content\/uploads\/2024\/06\/ico-arrow-right-white.svg","contentUrl":"https:\/\/fmi.ca\/wp-content\/uploads\/2024\/06\/ico-arrow-right-white.svg"},{"@type":"BreadcrumbList","@id":"https:\/\/fmi.ca\/fr\/a-propos\/#breadcrumb","itemListElement":[{"@type":"ListItem","position":1,"name":"Home","item":"https:\/\/fmi.ca\/fr\/"},{"@type":"ListItem","position":2,"name":"\u00c0 propos"}]},{"@type":"WebSite","@id":"https:\/\/fmi.ca\/#website","url":"https:\/\/fmi.ca\/","name":"IGF","description":"Formation | Secteur public | Perfectionnement professionnel","potentialAction":[{"@type":"SearchAction","target":{"@type":"EntryPoint","urlTemplate":"https:\/\/fmi.ca\/?s={search_term_string}"},"query-input":{"@type":"PropertyValueSpecification","valueRequired":true,"valueName":"search_term_string"}}],"inLanguage":"fr-FR"}]}},"_links":{"self":[{"href":"https:\/\/fmi.ca\/fr\/wp-json\/wp\/v2\/pages\/593","targetHints":{"allow":["GET"]}}],"collection":[{"href":"https:\/\/fmi.ca\/fr\/wp-json\/wp\/v2\/pages"}],"about":[{"href":"https:\/\/fmi.ca\/fr\/wp-json\/wp\/v2\/types\/page"}],"author":[{"embeddable":true,"href":"https:\/\/fmi.ca\/fr\/wp-json\/wp\/v2\/users\/1"}],"replies":[{"embeddable":true,"href":"https:\/\/fmi.ca\/fr\/wp-json\/wp\/v2\/comments?post=593"}],"version-history":[{"count":0,"href":"https:\/\/fmi.ca\/fr\/wp-json\/wp\/v2\/pages\/593\/revisions"}],"wp:attachment":[{"href":"https:\/\/fmi.ca\/fr\/wp-json\/wp\/v2\/media?parent=593"}],"curies":[{"name":"wp","href":"https:\/\/api.w.org\/{rel}","templated":true}]}}